{"id":1516,"date":"2020-09-15T21:27:38","date_gmt":"2020-09-15T21:27:38","guid":{"rendered":"http:\/\/www.boianit.com\/french-translation\/"},"modified":"2021-06-14T11:41:21","modified_gmt":"2021-06-14T11:41:21","slug":"french-translation","status":"publish","type":"page","link":"https:\/\/www.boianit.com\/es\/french-translation\/","title":{"rendered":"French translation"},"content":{"rendered":"<div class=\"wpb-content-wrapper\"><p>[vc_row css_animation=\u00bb\u00bb row_type=\u00bbrow\u00bb use_row_as_full_screen_section=\u00bbno\u00bb type=\u00bbgrid\u00bb angled_section=\u00bbno\u00bb text_align=\u00bbcenter\u00bb background_image_as_pattern=\u00bbwithout_pattern\u00bb anchor=\u00bbblog\u00bb css=\u00bb.vc_custom_1559303386180{padding-top: 222px !important;padding-bottom: 151px !important;}\u00bb z_index=\u00bb\u00bb][vc_column offset=\u00bbvc_col-lg-offset-2 vc_col-lg-8 vc_col-md-offset-1 vc_col-md-10&#8243; css=\u00bb.vc_custom_1466691550042{padding-right: 8% !important;padding-left: 8% !important;}\u00bb][vc_row_inner row_type=\u00bbrow\u00bb type=\u00bbfull_width\u00bb text_align=\u00bbleft\u00bb css_animation=\u00bb\u00bb][vc_column_inner][vc_column_text]<\/p>\n<h2 style=\"text-align: center;\">Nous nous effor\u00e7ons de rendre cette traduction fran\u00e7aise disponible d\u00e8s que possible.<\/h2>\n<h5 style=\"text-align: center;\"><\/h5>\n<p>[\/vc_column_text][vc_empty_space height=\u00bb9px\u00bb][vc_column_text]<\/p>\n<h5 style=\"text-align: center;\">En attendant,<br \/>\nprofitons d&#8217;un cocktail !<\/h5>\n<h5 style=\"text-align: center;\"><\/h5>\n<p>[\/vc_column_text][vc_empty_space height=\u00bb20px\u00bb][vc_single_image image=\u00bb1424&#8243; img_size=\u00bbmedium\u00bb alignment=\u00bbcenter\u00bb qode_css_animation=\u00bb\u00bb][vc_empty_space height=\u00bb20px\u00bb][vc_column_text]<\/p>\n<h5 style=\"text-align: center;\"><a href=\"http:\/\/www.boianit.com\/\">Retour -&gt; Accueil<\/a><\/h5>\n<p>[\/vc_column_text][vc_column_text][\/vc_column_text][\/vc_column_inner][\/vc_row_inner][\/vc_column][\/vc_row][vc_row css_animation=\u00bb\u00bb row_type=\u00bbrow\u00bb use_row_as_full_screen_section=\u00bbno\u00bb type=\u00bbfull_width\u00bb angled_section=\u00bbno\u00bb text_align=\u00bbleft\u00bb background_image_as_pattern=\u00bbwithout_pattern\u00bb][vc_column][vc_row_inner row_type=\u00bbrow\u00bb type=\u00bbgrid\u00bb text_align=\u00bbcenter\u00bb css_animation=\u00bb\u00bb][vc_column_inner width=\u00bb1\/3&#8243;][\/vc_column_inner][vc_column_inner width=\u00bb1\/3&#8243;][vc_empty_space height=\u00bb70px\u00bb][\/vc_column_inner][vc_column_inner width=\u00bb1\/3&#8243;][\/vc_column_inner][\/vc_row_inner][\/vc_column][\/vc_row]<\/p>\n<\/div>","protected":false},"excerpt":{"rendered":"<p>[vc_row css_animation=\u00bb\u00bb row_type=\u00bbrow\u00bb use_row_as_full_screen_section=\u00bbno\u00bb type=\u00bbgrid\u00bb angled_section=\u00bbno\u00bb text_align=\u00bbcenter\u00bb background_image_as_pattern=\u00bbwithout_pattern\u00bb anchor=\u00bbblog\u00bb css=\u00bb.vc_custom_1559303386180{padding-top: 222px !important;padding-bottom: 151px !important;}\u00bb z_index=\u00bb\u00bb][vc_column offset=\u00bbvc_col-lg-offset-2 vc_col-lg-8 vc_col-md-offset-1 vc_col-md-10&#8243; css=\u00bb.vc_custom_1466691550042{padding-right: 8% !important;padding-left: 8% !important;}\u00bb][vc_row_inner row_type=\u00bbrow\u00bb type=\u00bbfull_width\u00bb text_align=\u00bbleft\u00bb css_animation=\u00bb\u00bb][vc_column_inner][vc_column_text] Nous nous effor\u00e7ons de rendre cette traduction fran\u00e7aise disponible d\u00e8s que possible. [\/vc_column_text][vc_empty_space height=\u00bb9px\u00bb][vc_column_text] En attendant, profitons&#8230;<\/p>\n","protected":false},"author":4,"featured_media":0,"parent":0,"menu_order":0,"comment_status":"closed","ping_status":"closed","template":"full_width.php","meta":{"om_disable_all_campaigns":false,"_uf_show_specific_survey":0,"_uf_disable_surveys":false,"footnotes":""},"class_list":["post-1516","page","type-page","status-publish","hentry"],"_links":{"self":[{"href":"https:\/\/www.boianit.com\/es\/wp-json\/wp\/v2\/pages\/1516","targetHints":{"allow":["GET"]}}],"collection":[{"href":"https:\/\/www.boianit.com\/es\/wp-json\/wp\/v2\/pages"}],"about":[{"href":"https:\/\/www.boianit.com\/es\/wp-json\/wp\/v2\/types\/page"}],"author":[{"embeddable":true,"href":"https:\/\/www.boianit.com\/es\/wp-json\/wp\/v2\/users\/4"}],"replies":[{"embeddable":true,"href":"https:\/\/www.boianit.com\/es\/wp-json\/wp\/v2\/comments?post=1516"}],"version-history":[{"count":4,"href":"https:\/\/www.boianit.com\/es\/wp-json\/wp\/v2\/pages\/1516\/revisions"}],"predecessor-version":[{"id":1735,"href":"https:\/\/www.boianit.com\/es\/wp-json\/wp\/v2\/pages\/1516\/revisions\/1735"}],"wp:attachment":[{"href":"https:\/\/www.boianit.com\/es\/wp-json\/wp\/v2\/media?parent=1516"}],"curies":[{"name":"wp","href":"https:\/\/api.w.org\/{rel}","templated":true}]}}